{"id":35,"date":"2022-09-29T14:56:42","date_gmt":"2022-09-29T12:56:42","guid":{"rendered":"http:\/\/wallmann.dev.luum.ms\/services\/"},"modified":"2026-04-01T08:42:20","modified_gmt":"2026-04-01T06:42:20","slug":"for-candidates","status":"publish","type":"page","link":"https:\/\/wallmann-selected.com\/de\/for-candidates\/","title":{"rendered":"F\u00fcr Kandidaten"},"content":{"rendered":"<div data-elementor-type=\"wp-page\" data-elementor-id=\"35\" class=\"elementor elementor-35\" data-elementor-post-type=\"page\">\n\t\t\t\t\t\t<section class=\"elementor-section elementor-top-section elementor-element elementor-element-5dead60 elementor-section-full_width elementor-section-height-default elementor-section-height-default\" data-id=\"5dead60\" data-element_type=\"section\">\n\t\t\t\t\t\t<div class=\"elementor-container elementor-column-gap-no\">\n\t\t\t\t\t<div class=\"elementor-column elementor-col-50 elementor-top-column elementor-element elementor-element-9504021\" data-id=\"9504021\" data-element_type=\"column\">\n\t\t\t<div class=\"elementor-widget-wrap elementor-element-populated\">\n\t\t\t\t\t\t<div class=\"elementor-element elementor-element-26f8076 elementor-widget elementor-widget-image\" data-id=\"26f8076\" data-element_type=\"widget\" data-widget_type=\"image.default\">\n\t\t\t\t<div class=\"elementor-widget-container\">\n\t\t\t\t\t\t\t\t\t\t\t\t\t\t\t<img decoding=\"async\" src=\"https:\/\/wallmann-selected.com\/wp-content\/uploads\/2022\/12\/wallmann-kandidaten.jpg\" title=\"wallmann-kandidaten\" alt=\"wallmann-kandidaten\" loading=\"lazy\" \/>\t\t\t\t\t\t\t\t\t\t\t\t\t\t\t<\/div>\n\t\t\t\t<\/div>\n\t\t\t\t<div class=\"elementor-element elementor-element-a7a7498 elementor-widget elementor-widget-heading\" data-id=\"a7a7498\" data-element_type=\"widget\" data-widget_type=\"heading.default\">\n\t\t\t\t<div class=\"elementor-widget-container\">\n\t\t\t\t\t<h1 class=\"elementor-heading-title elementor-size-default\">Unser Fokus liegt auf HighPotentials und TOP Talenten der Branche.<\/h1>\t\t\t\t<\/div>\n\t\t\t\t<\/div>\n\t\t\t\t\t<\/div>\n\t\t<\/div>\n\t\t\t\t<div class=\"elementor-column elementor-col-50 elementor-top-column elementor-element elementor-element-352a063\" data-id=\"352a063\" data-element_type=\"column\">\n\t\t\t<div class=\"elementor-widget-wrap elementor-element-populated\">\n\t\t\t\t\t\t<div class=\"elementor-element elementor-element-d9b455b elementor-widget-divider--view-line elementor-widget elementor-widget-divider\" data-id=\"d9b455b\" data-element_type=\"widget\" data-widget_type=\"divider.default\">\n\t\t\t\t<div class=\"elementor-widget-container\">\n\t\t\t\t\t\t\t<div class=\"elementor-divider\">\n\t\t\t<span class=\"elementor-divider-separator\">\n\t\t\t\t\t\t<\/span>\n\t\t<\/div>\n\t\t\t\t\t\t<\/div>\n\t\t\t\t<\/div>\n\t\t\t\t<div class=\"elementor-element elementor-element-c150fc6 elementor-widget elementor-widget-heading\" data-id=\"c150fc6\" data-element_type=\"widget\" data-widget_type=\"heading.default\">\n\t\t\t\t<div class=\"elementor-widget-container\">\n\t\t\t\t\t<h3 class=\"elementor-heading-title elementor-size-default\">Wir kennen die Situation als Mitarbeiter oder Mitarbeiterin der Pharmaindustrie.<\/h3>\t\t\t\t<\/div>\n\t\t\t\t<\/div>\n\t\t\t\t<div class=\"elementor-element elementor-element-c73f2ca elementor-widget elementor-widget-text-editor\" data-id=\"c73f2ca\" data-element_type=\"widget\" data-widget_type=\"text-editor.default\">\n\t\t\t\t<div class=\"elementor-widget-container\">\n\t\t\t\t\t\t\t\t\t<p>Durch umfangreiche Erfahrungen in verschiedenen Positionen unterst\u00fctzen wir Sie beratend.<\/p>\t\t\t\t\t\t\t\t<\/div>\n\t\t\t\t<\/div>\n\t\t\t\t<div class=\"elementor-element elementor-element-c84f1a7 elementor-widget-divider--view-line elementor-widget elementor-widget-divider\" data-id=\"c84f1a7\" data-element_type=\"widget\" data-widget_type=\"divider.default\">\n\t\t\t\t<div class=\"elementor-widget-container\">\n\t\t\t\t\t\t\t<div class=\"elementor-divider\">\n\t\t\t<span class=\"elementor-divider-separator\">\n\t\t\t\t\t\t<\/span>\n\t\t<\/div>\n\t\t\t\t\t\t<\/div>\n\t\t\t\t<\/div>\n\t\t\t\t<div class=\"elementor-element elementor-element-1dcfd7a elementor-widget elementor-widget-heading\" data-id=\"1dcfd7a\" data-element_type=\"widget\" data-widget_type=\"heading.default\">\n\t\t\t\t<div class=\"elementor-widget-container\">\n\t\t\t\t\t<h3 class=\"elementor-heading-title elementor-size-default\">Wir begleiten Sie langfristig \u2013 unabh\u00e4ngig von aktuellen Suchmandaten stehen wir Ihnen mit unseren Erfahrungen zur Seite.<\/h3>\t\t\t\t<\/div>\n\t\t\t\t<\/div>\n\t\t\t\t<div class=\"elementor-element elementor-element-4cd18c4 elementor-widget elementor-widget-text-editor\" data-id=\"4cd18c4\" data-element_type=\"widget\" data-widget_type=\"text-editor.default\">\n\t\t\t\t<div class=\"elementor-widget-container\">\n\t\t\t\t\t\t\t\t\t<p>Wir haben in Management-Positionen selbst zahlreiche High Potentials und TOP Talente identifiziert, ausgew\u00e4hlt und gef\u00f6rdert sowie entsprechende Prozesse in Unternehmen gef\u00fchrt und begleitet.<\/p>\t\t\t\t\t\t\t\t<\/div>\n\t\t\t\t<\/div>\n\t\t\t\t<div class=\"elementor-element elementor-element-118c123 elementor-widget-divider--view-line elementor-widget elementor-widget-divider\" data-id=\"118c123\" data-element_type=\"widget\" data-widget_type=\"divider.default\">\n\t\t\t\t<div class=\"elementor-widget-container\">\n\t\t\t\t\t\t\t<div class=\"elementor-divider\">\n\t\t\t<span class=\"elementor-divider-separator\">\n\t\t\t\t\t\t<\/span>\n\t\t<\/div>\n\t\t\t\t\t\t<\/div>\n\t\t\t\t<\/div>\n\t\t\t\t<div class=\"elementor-element elementor-element-eedd5a1 elementor-widget elementor-widget-heading\" data-id=\"eedd5a1\" data-element_type=\"widget\" data-widget_type=\"heading.default\">\n\t\t\t\t<div class=\"elementor-widget-container\">\n\t\t\t\t\t<h3 class=\"elementor-heading-title elementor-size-default\">Wir kennen die Situation als Mitarbeiter oder Mitarbeiterin der Pharmaindustrie.<\/h3>\t\t\t\t<\/div>\n\t\t\t\t<\/div>\n\t\t\t\t<div class=\"elementor-element elementor-element-97847c4 elementor-widget elementor-widget-text-editor\" data-id=\"97847c4\" data-element_type=\"widget\" data-widget_type=\"text-editor.default\">\n\t\t\t\t<div class=\"elementor-widget-container\">\n\t\t\t\t\t\t\t\t\t<p>Wir besetzten oft Positionen, die gar nicht ausgeschrieben werden.<span class=\"Apple-converted-space\">\u00a0<\/span><\/p>\t\t\t\t\t\t\t\t<\/div>\n\t\t\t\t<\/div>\n\t\t\t\t<div class=\"elementor-element elementor-element-904ebd8 elementor-widget elementor-widget-button\" data-id=\"904ebd8\" data-element_type=\"widget\" data-widget_type=\"button.default\">\n\t\t\t\t<div class=\"elementor-widget-container\">\n\t\t\t\t\t\t\t\t\t<div class=\"elementor-button-wrapper\">\n\t\t\t\t\t<a class=\"elementor-button elementor-button-link elementor-size-sm elementor-animation-shrink\" href=\"https:\/\/wallmann-selected.com\/de\/contact\/\">\n\t\t\t\t\t\t<span class=\"elementor-button-content-wrapper\">\n\t\t\t\t\t\t\t\t\t<span class=\"elementor-button-text\">Kontakt aufnehmen<\/span>\n\t\t\t\t\t<\/span>\n\t\t\t\t\t<\/a>\n\t\t\t\t<\/div>\n\t\t\t\t\t\t\t\t<\/div>\n\t\t\t\t<\/div>\n\t\t\t\t\t<\/div>\n\t\t<\/div>\n\t\t\t\t\t<\/div>\n\t\t<\/section>\n\t\t\t\t<section class=\"elementor-section elementor-top-section elementor-element elementor-element-5e37554 elementor-section-full_width elementor-section-height-default elementor-section-height-default\" data-id=\"5e37554\" data-element_type=\"section\" data-settings=\"{&quot;background_background&quot;:&quot;classic&quot;}\">\n\t\t\t\t\t\t<div class=\"elementor-container elementor-column-gap-no\">\n\t\t\t\t\t<div class=\"elementor-column elementor-col-50 elementor-top-column elementor-element elementor-element-1766d34\" data-id=\"1766d34\" data-element_type=\"column\">\n\t\t\t<div class=\"elementor-widget-wrap elementor-element-populated\">\n\t\t\t\t\t\t<div class=\"elementor-element elementor-element-1b59239 elementor-widget elementor-widget-heading\" data-id=\"1b59239\" data-element_type=\"widget\" data-widget_type=\"heading.default\">\n\t\t\t\t<div class=\"elementor-widget-container\">\n\t\t\t\t\t<h2 class=\"elementor-heading-title elementor-size-default\">Sie wollen einfach mal wissen wie gerade Ihr \u201cMarktwert\u201c ist?<\/h2>\t\t\t\t<\/div>\n\t\t\t\t<\/div>\n\t\t\t\t\t<\/div>\n\t\t<\/div>\n\t\t\t\t<div class=\"elementor-column elementor-col-50 elementor-top-column elementor-element elementor-element-5e79e96\" data-id=\"5e79e96\" data-element_type=\"column\">\n\t\t\t<div class=\"elementor-widget-wrap elementor-element-populated\">\n\t\t\t\t\t\t<div class=\"elementor-element elementor-element-10dba4d elementor-widget elementor-widget-text-editor\" data-id=\"10dba4d\" data-element_type=\"widget\" data-widget_type=\"text-editor.default\">\n\t\t\t\t<div class=\"elementor-widget-container\">\n\t\t\t\t\t\t\t\t\t<p>Sprechen Sie mit uns \u2013 wir kennen die Branche und finden gemeinsam mit Ihnen heraus, was der beste n\u00e4chste Schritt f\u00fcr Sie sein kann \u2013 nat\u00fcrlich immer im Kontext Ihrer Lebenssituation.<\/p><p>Wir freuen uns auf ein vertrauliches Gespr\u00e4ch mit Ihnen!<\/p>\t\t\t\t\t\t\t\t<\/div>\n\t\t\t\t<\/div>\n\t\t\t\t<div class=\"elementor-element elementor-element-3088cc9 elementor-widget elementor-widget-button\" data-id=\"3088cc9\" data-element_type=\"widget\" data-widget_type=\"button.default\">\n\t\t\t\t<div class=\"elementor-widget-container\">\n\t\t\t\t\t\t\t\t\t<div class=\"elementor-button-wrapper\">\n\t\t\t\t\t<a class=\"elementor-button elementor-button-link elementor-size-sm elementor-animation-shrink\" href=\"https:\/\/wallmann-selected.com\/de\/contact\/\">\n\t\t\t\t\t\t<span class=\"elementor-button-content-wrapper\">\n\t\t\t\t\t\t\t\t\t<span class=\"elementor-button-text\">Jetzt bewerben<\/span>\n\t\t\t\t\t<\/span>\n\t\t\t\t\t<\/a>\n\t\t\t\t<\/div>\n\t\t\t\t\t\t\t\t<\/div>\n\t\t\t\t<\/div>\n\t\t\t\t\t<\/div>\n\t\t<\/div>\n\t\t\t\t\t<\/div>\n\t\t<\/section>\n\t\t\t\t<\/div>","protected":false},"excerpt":{"rendered":"<p>Our focus is on high performers and TOP talents of the industry. We know your situation as an employee in the pharmaceutical industry from our own experience and can support you effectively. Having extensive experience in various positions, we support you with our advisory capacity. We accompany you long term \u2013 regardless of current search [&hellip;]<\/p>","protected":false},"author":1,"featured_media":0,"parent":0,"menu_order":0,"comment_status":"closed","ping_status":"closed","template":"elementor_header_footer","meta":{"footnotes":""},"class_list":["post-35","page","type-page","status-publish","hentry"],"yoast_head":"<!-- This site is optimized with the Yoast SEO plugin v25.6 - https:\/\/yoast.com\/wordpress\/plugins\/seo\/ -->\n<title>For candidates - Wallmann Selected<\/title>\n<meta name=\"robots\" content=\"index, follow, max-snippet:-1, max-image-preview:large, max-video-preview:-1\" \/>\n<link rel=\"canonical\" href=\"https:\/\/wallmann-selected.com\/de\/for-candidates\/\" \/>\n<meta property=\"og:locale\" content=\"de_DE\" \/>\n<meta property=\"og:type\" content=\"article\" \/>\n<meta property=\"og:title\" content=\"For candidates - Wallmann Selected\" \/>\n<meta property=\"og:description\" content=\"Our focus is on high performers and TOP talents of the industry. We know your situation as an employee in the pharmaceutical industry from our own experience and can support you effectively. Having extensive experience in various positions, we support you with our advisory capacity. We accompany you long term \u2013 regardless of current search [&hellip;]\" \/>\n<meta property=\"og:url\" content=\"https:\/\/wallmann-selected.com\/de\/for-candidates\/\" \/>\n<meta property=\"og:site_name\" content=\"Wallmann Selected\" \/>\n<meta property=\"article:modified_time\" content=\"2026-04-01T06:42:20+00:00\" \/>\n<meta property=\"og:image\" content=\"https:\/\/wallmann-selected.com\/wp-content\/uploads\/2022\/12\/wallmann-kandidaten.jpg\" \/>\n<meta name=\"twitter:card\" content=\"summary_large_image\" \/>\n<meta name=\"twitter:label1\" content=\"Gesch\u00e4tzte Lesezeit\" \/>\n\t<meta name=\"twitter:data1\" content=\"2\u00a0Minuten\" \/>\n<script type=\"application\/ld+json\" class=\"yoast-schema-graph\">{\"@context\":\"https:\/\/schema.org\",\"@graph\":[{\"@type\":\"WebPage\",\"@id\":\"https:\/\/wallmann-selected.com\/for-candidates\/\",\"url\":\"https:\/\/wallmann-selected.com\/for-candidates\/\",\"name\":\"For candidates - Wallmann Selected\",\"isPartOf\":{\"@id\":\"https:\/\/wallmann-selected.com\/#website\"},\"primaryImageOfPage\":{\"@id\":\"https:\/\/wallmann-selected.com\/for-candidates\/#primaryimage\"},\"image\":{\"@id\":\"https:\/\/wallmann-selected.com\/for-candidates\/#primaryimage\"},\"thumbnailUrl\":\"https:\/\/wallmann-selected.com\/wp-content\/uploads\/2022\/12\/wallmann-kandidaten.jpg\",\"datePublished\":\"2022-09-29T12:56:42+00:00\",\"dateModified\":\"2026-04-01T06:42:20+00:00\",\"breadcrumb\":{\"@id\":\"https:\/\/wallmann-selected.com\/for-candidates\/#breadcrumb\"},\"inLanguage\":\"de\",\"potentialAction\":[{\"@type\":\"ReadAction\",\"target\":[\"https:\/\/wallmann-selected.com\/for-candidates\/\"]}]},{\"@type\":\"ImageObject\",\"inLanguage\":\"de\",\"@id\":\"https:\/\/wallmann-selected.com\/for-candidates\/#primaryimage\",\"url\":\"https:\/\/wallmann-selected.com\/wp-content\/uploads\/2022\/12\/wallmann-kandidaten.jpg\",\"contentUrl\":\"https:\/\/wallmann-selected.com\/wp-content\/uploads\/2022\/12\/wallmann-kandidaten.jpg\"},{\"@type\":\"BreadcrumbList\",\"@id\":\"https:\/\/wallmann-selected.com\/for-candidates\/#breadcrumb\",\"itemListElement\":[{\"@type\":\"ListItem\",\"position\":1,\"name\":\"Startseite\",\"item\":\"https:\/\/wallmann-selected.com\/\"},{\"@type\":\"ListItem\",\"position\":2,\"name\":\"For candidates\"}]},{\"@type\":\"WebSite\",\"@id\":\"https:\/\/wallmann-selected.com\/#website\",\"url\":\"https:\/\/wallmann-selected.com\/\",\"name\":\"Wallmann Selected\",\"description\":\"Executive &amp; Professional Search in Life Science.\",\"publisher\":{\"@id\":\"https:\/\/wallmann-selected.com\/#organization\"},\"potentialAction\":[{\"@type\":\"SearchAction\",\"target\":{\"@type\":\"EntryPoint\",\"urlTemplate\":\"https:\/\/wallmann-selected.com\/?s={search_term_string}\"},\"query-input\":{\"@type\":\"PropertyValueSpecification\",\"valueRequired\":true,\"valueName\":\"search_term_string\"}}],\"inLanguage\":\"de\"},{\"@type\":\"Organization\",\"@id\":\"https:\/\/wallmann-selected.com\/#organization\",\"name\":\"Wallmann GmbH\",\"url\":\"https:\/\/wallmann-selected.com\/\",\"logo\":{\"@type\":\"ImageObject\",\"inLanguage\":\"de\",\"@id\":\"https:\/\/wallmann-selected.com\/#\/schema\/logo\/image\/\",\"url\":\"https:\/\/wallmann-selected.com\/wp-content\/uploads\/2022\/09\/Logo-Draft-v19.png\",\"contentUrl\":\"https:\/\/wallmann-selected.com\/wp-content\/uploads\/2022\/09\/Logo-Draft-v19.png\",\"width\":728,\"height\":152,\"caption\":\"Wallmann GmbH\"},\"image\":{\"@id\":\"https:\/\/wallmann-selected.com\/#\/schema\/logo\/image\/\"},\"sameAs\":[\"https:\/\/www.linkedin.com\/in\/ajmal-wallmann-379a24a\/\",\"https:\/\/www.xing.com\/profile\/Ajmal_Wallmann\/cv\"]}]}<\/script>\n<!-- \/ Yoast SEO plugin. -->","yoast_head_json":{"title":"For candidates - Wallmann Selected","robots":{"index":"index","follow":"follow","max-snippet":"max-snippet:-1","max-image-preview":"max-image-preview:large","max-video-preview":"max-video-preview:-1"},"canonical":"https:\/\/wallmann-selected.com\/de\/for-candidates\/","og_locale":"de_DE","og_type":"article","og_title":"For candidates - Wallmann Selected","og_description":"Our focus is on high performers and TOP talents of the industry. We know your situation as an employee in the pharmaceutical industry from our own experience and can support you effectively. Having extensive experience in various positions, we support you with our advisory capacity. We accompany you long term \u2013 regardless of current search [&hellip;]","og_url":"https:\/\/wallmann-selected.com\/de\/for-candidates\/","og_site_name":"Wallmann Selected","article_modified_time":"2026-04-01T06:42:20+00:00","og_image":[{"url":"https:\/\/wallmann-selected.com\/wp-content\/uploads\/2022\/12\/wallmann-kandidaten.jpg","type":"","width":"","height":""}],"twitter_card":"summary_large_image","twitter_misc":{"Gesch\u00e4tzte Lesezeit":"2\u00a0Minuten"},"schema":{"@context":"https:\/\/schema.org","@graph":[{"@type":"WebPage","@id":"https:\/\/wallmann-selected.com\/for-candidates\/","url":"https:\/\/wallmann-selected.com\/for-candidates\/","name":"For candidates - Wallmann Selected","isPartOf":{"@id":"https:\/\/wallmann-selected.com\/#website"},"primaryImageOfPage":{"@id":"https:\/\/wallmann-selected.com\/for-candidates\/#primaryimage"},"image":{"@id":"https:\/\/wallmann-selected.com\/for-candidates\/#primaryimage"},"thumbnailUrl":"https:\/\/wallmann-selected.com\/wp-content\/uploads\/2022\/12\/wallmann-kandidaten.jpg","datePublished":"2022-09-29T12:56:42+00:00","dateModified":"2026-04-01T06:42:20+00:00","breadcrumb":{"@id":"https:\/\/wallmann-selected.com\/for-candidates\/#breadcrumb"},"inLanguage":"de","potentialAction":[{"@type":"ReadAction","target":["https:\/\/wallmann-selected.com\/for-candidates\/"]}]},{"@type":"ImageObject","inLanguage":"de","@id":"https:\/\/wallmann-selected.com\/for-candidates\/#primaryimage","url":"https:\/\/wallmann-selected.com\/wp-content\/uploads\/2022\/12\/wallmann-kandidaten.jpg","contentUrl":"https:\/\/wallmann-selected.com\/wp-content\/uploads\/2022\/12\/wallmann-kandidaten.jpg"},{"@type":"BreadcrumbList","@id":"https:\/\/wallmann-selected.com\/for-candidates\/#breadcrumb","itemListElement":[{"@type":"ListItem","position":1,"name":"Startseite","item":"https:\/\/wallmann-selected.com\/"},{"@type":"ListItem","position":2,"name":"For candidates"}]},{"@type":"WebSite","@id":"https:\/\/wallmann-selected.com\/#website","url":"https:\/\/wallmann-selected.com\/","name":"Wallmann Selected","description":"Executive &amp; Professional Search in Life Science.","publisher":{"@id":"https:\/\/wallmann-selected.com\/#organization"},"potentialAction":[{"@type":"SearchAction","target":{"@type":"EntryPoint","urlTemplate":"https:\/\/wallmann-selected.com\/?s={search_term_string}"},"query-input":{"@type":"PropertyValueSpecification","valueRequired":true,"valueName":"search_term_string"}}],"inLanguage":"de"},{"@type":"Organization","@id":"https:\/\/wallmann-selected.com\/#organization","name":"Wallmann GmbH","url":"https:\/\/wallmann-selected.com\/","logo":{"@type":"ImageObject","inLanguage":"de","@id":"https:\/\/wallmann-selected.com\/#\/schema\/logo\/image\/","url":"https:\/\/wallmann-selected.com\/wp-content\/uploads\/2022\/09\/Logo-Draft-v19.png","contentUrl":"https:\/\/wallmann-selected.com\/wp-content\/uploads\/2022\/09\/Logo-Draft-v19.png","width":728,"height":152,"caption":"Wallmann GmbH"},"image":{"@id":"https:\/\/wallmann-selected.com\/#\/schema\/logo\/image\/"},"sameAs":["https:\/\/www.linkedin.com\/in\/ajmal-wallmann-379a24a\/","https:\/\/www.xing.com\/profile\/Ajmal_Wallmann\/cv"]}]}},"_links":{"self":[{"href":"https:\/\/wallmann-selected.com\/de\/wp-json\/wp\/v2\/pages\/35"}],"collection":[{"href":"https:\/\/wallmann-selected.com\/de\/wp-json\/wp\/v2\/pages"}],"about":[{"href":"https:\/\/wallmann-selected.com\/de\/wp-json\/wp\/v2\/types\/page"}],"author":[{"embeddable":true,"href":"https:\/\/wallmann-selected.com\/de\/wp-json\/wp\/v2\/users\/1"}],"replies":[{"embeddable":true,"href":"https:\/\/wallmann-selected.com\/de\/wp-json\/wp\/v2\/comments?post=35"}],"version-history":[{"count":0,"href":"https:\/\/wallmann-selected.com\/de\/wp-json\/wp\/v2\/pages\/35\/revisions"}],"wp:attachment":[{"href":"https:\/\/wallmann-selected.com\/de\/wp-json\/wp\/v2\/media?parent=35"}],"curies":[{"name":"wp","href":"https:\/\/api.w.org\/{rel}","templated":true}]}}