{"id":202,"date":"2022-09-30T14:52:48","date_gmt":"2022-09-30T12:52:48","guid":{"rendered":"http:\/\/wallmann.dev.luum.ms\/?page_id=202"},"modified":"2026-04-01T08:44:03","modified_gmt":"2026-04-01T06:44:03","slug":"for-companies","status":"publish","type":"page","link":"https:\/\/wallmann-selected.com\/de\/for-companies\/","title":{"rendered":"F\u00fcr Unternehmen"},"content":{"rendered":"<div data-elementor-type=\"wp-page\" data-elementor-id=\"202\" class=\"elementor elementor-202\" data-elementor-post-type=\"page\">\n\t\t\t\t\t\t<section class=\"elementor-section elementor-top-section elementor-element elementor-element-d35b19b elementor-section-full_width elementor-section-height-default elementor-section-height-default\" data-id=\"d35b19b\" data-element_type=\"section\">\n\t\t\t\t\t\t<div class=\"elementor-container elementor-column-gap-no\">\n\t\t\t\t\t<div class=\"elementor-column elementor-col-50 elementor-top-column elementor-element elementor-element-27cae03\" data-id=\"27cae03\" data-element_type=\"column\">\n\t\t\t<div class=\"elementor-widget-wrap elementor-element-populated\">\n\t\t\t\t\t\t<div class=\"elementor-element elementor-element-e3c9e0a elementor-widget elementor-widget-heading\" data-id=\"e3c9e0a\" data-element_type=\"widget\" data-widget_type=\"heading.default\">\n\t\t\t\t<div class=\"elementor-widget-container\">\n\t\t\t\t\t<h1 class=\"elementor-heading-title elementor-size-default\">F\u00fcr Sie den besten Kandidaten\/ die beste Kandidatin zu finden ist unser t\u00e4glicher Anspruch!\n<\/h1>\t\t\t\t<\/div>\n\t\t\t\t<\/div>\n\t\t\t\t<div class=\"elementor-element elementor-element-9a0293d elementor-widget elementor-widget-heading\" data-id=\"9a0293d\" data-element_type=\"widget\" data-settings=\"{&quot;_animation&quot;:&quot;none&quot;}\" data-widget_type=\"heading.default\">\n\t\t\t\t<div class=\"elementor-widget-container\">\n\t\t\t\t\t<h3 class=\"elementor-heading-title elementor-size-default\">Wir kennen die Branche aus eigener Erfahrung \u2013 wir sprechen Ihre und die Sprache Ihrer High Potentials und TOP Talente.<\/h3>\t\t\t\t<\/div>\n\t\t\t\t<\/div>\n\t\t\t\t<div class=\"elementor-element elementor-element-33c74b6 elementor-widget elementor-widget-text-editor\" data-id=\"33c74b6\" data-element_type=\"widget\" data-settings=\"{&quot;_animation&quot;:&quot;none&quot;}\" data-widget_type=\"text-editor.default\">\n\t\t\t\t<div class=\"elementor-widget-container\">\n\t\t\t\t\t\t\t\t\t<p>Wir haben ein sehr umfangreiches Netzwerk zu High Potentials und TOP Talenten in den Bereichen General Management, Market Access, Medical,  Marketing und Vertrieb \u2013 sowohl auf Executive als auch auf Professional Level.<\/p>\t\t\t\t\t\t\t\t<\/div>\n\t\t\t\t<\/div>\n\t\t\t\t\t<\/div>\n\t\t<\/div>\n\t\t\t\t<div class=\"elementor-column elementor-col-50 elementor-top-column elementor-element elementor-element-c883776\" data-id=\"c883776\" data-element_type=\"column\">\n\t\t\t<div class=\"elementor-widget-wrap elementor-element-populated\">\n\t\t\t\t\t\t<div class=\"elementor-element elementor-element-c1393fe elementor-widget elementor-widget-image\" data-id=\"c1393fe\" data-element_type=\"widget\" data-widget_type=\"image.default\">\n\t\t\t\t<div class=\"elementor-widget-container\">\n\t\t\t\t\t\t\t\t\t\t\t\t\t\t\t<img decoding=\"async\" src=\"https:\/\/wallmann-selected.com\/wp-content\/uploads\/2022\/11\/2022-11-09_LU_264.jpg\" title=\"2022-11-09_LU_264\" alt=\"2022-11-09_LU_264\" loading=\"lazy\" \/>\t\t\t\t\t\t\t\t\t\t\t\t\t\t\t<\/div>\n\t\t\t\t<\/div>\n\t\t\t\t\t<\/div>\n\t\t<\/div>\n\t\t\t\t\t<\/div>\n\t\t<\/section>\n\t\t\t\t<section class=\"elementor-section elementor-top-section elementor-element elementor-element-3d2f070 elementor-section-full_width elementor-section-height-default elementor-section-height-default\" data-id=\"3d2f070\" data-element_type=\"section\" data-settings=\"{&quot;background_background&quot;:&quot;classic&quot;}\">\n\t\t\t\t\t\t<div class=\"elementor-container elementor-column-gap-no\">\n\t\t\t\t\t<div class=\"elementor-column elementor-col-50 elementor-top-column elementor-element elementor-element-46b9647\" data-id=\"46b9647\" data-element_type=\"column\">\n\t\t\t<div class=\"elementor-widget-wrap elementor-element-populated\">\n\t\t\t\t\t\t<div class=\"elementor-element elementor-element-acd3388 elementor-widget elementor-widget-heading\" data-id=\"acd3388\" data-element_type=\"widget\" data-widget_type=\"heading.default\">\n\t\t\t\t<div class=\"elementor-widget-container\">\n\t\t\t\t\t<h2 class=\"elementor-heading-title elementor-size-default\">Sie wollen mehr \u00fcber den Prozess sowie unsere Methoden und wie wir auch f\u00fcr Sie die Besten gewinnen erfahren?<\/h2>\t\t\t\t<\/div>\n\t\t\t\t<\/div>\n\t\t\t\t\t<\/div>\n\t\t<\/div>\n\t\t\t\t<div class=\"elementor-column elementor-col-50 elementor-top-column elementor-element elementor-element-a6430ed\" data-id=\"a6430ed\" data-element_type=\"column\">\n\t\t\t<div class=\"elementor-widget-wrap elementor-element-populated\">\n\t\t\t\t\t\t<div class=\"elementor-element elementor-element-e0f4de0 elementor-widget elementor-widget-text-editor\" data-id=\"e0f4de0\" data-element_type=\"widget\" data-widget_type=\"text-editor.default\">\n\t\t\t\t<div class=\"elementor-widget-container\">\n\t\t\t\t\t\t\t\t\t<p>Den besten Kandidaten oder die beste Kandidatin f\u00fcr Sie zu finden, ist f\u00fcr uns erst der Beginn einer zielf\u00fchrenden Zusammenarbeit. Wir haben den Anspruch, auch nach der erfolgreichen Vermittlung mit Ihnen eng in Kontakt zu bleiben, begleiten Sie und Ihren neuen Mitarbeiter Ihre neue Mitarbeiterin w\u00e4hrend der Probezeit und holen entsprechendes Feedback ein.<\/p><p>Lassen Sie uns dar\u00fcber sprechen, wie wir auch f\u00fcr Sie die besten finden! Wir freuen uns auf Sie und Ihre Nachricht. \u00a0<\/p><p>\u00a0<\/p>\t\t\t\t\t\t\t\t<\/div>\n\t\t\t\t<\/div>\n\t\t\t\t<div class=\"elementor-element elementor-element-16c582a elementor-widget elementor-widget-button\" data-id=\"16c582a\" data-element_type=\"widget\" data-widget_type=\"button.default\">\n\t\t\t\t<div class=\"elementor-widget-container\">\n\t\t\t\t\t\t\t\t\t<div class=\"elementor-button-wrapper\">\n\t\t\t\t\t<a class=\"elementor-button elementor-button-link elementor-size-sm elementor-animation-shrink\" href=\"https:\/\/wallmann-selected.com\/de\/contact\/\">\n\t\t\t\t\t\t<span class=\"elementor-button-content-wrapper\">\n\t\t\t\t\t\t\t\t\t<span class=\"elementor-button-text\">Kontakt aufnehmen<\/span>\n\t\t\t\t\t<\/span>\n\t\t\t\t\t<\/a>\n\t\t\t\t<\/div>\n\t\t\t\t\t\t\t\t<\/div>\n\t\t\t\t<\/div>\n\t\t\t\t\t<\/div>\n\t\t<\/div>\n\t\t\t\t\t<\/div>\n\t\t<\/section>\n\t\t\t\t<\/div>","protected":false},"excerpt":{"rendered":"<p>Finding the best candidate for you is our daily goal! We know the industry from our own experience \u2013 we speak your language and the language of your high performers and TOP talents! We have an extensive network of high potentials and TOP talents in the areas of general management, market access, medical, marketing and [&hellip;]<\/p>","protected":false},"author":1,"featured_media":0,"parent":0,"menu_order":0,"comment_status":"closed","ping_status":"closed","template":"","meta":{"footnotes":""},"class_list":["post-202","page","type-page","status-publish","hentry"],"yoast_head":"<!-- This site is optimized with the Yoast SEO plugin v25.6 - https:\/\/yoast.com\/wordpress\/plugins\/seo\/ -->\n<title>For companies - Wallmann Selected<\/title>\n<meta name=\"robots\" content=\"index, follow, max-snippet:-1, max-image-preview:large, max-video-preview:-1\" \/>\n<link rel=\"canonical\" href=\"https:\/\/wallmann-selected.com\/de\/for-companies\/\" \/>\n<meta property=\"og:locale\" content=\"de_DE\" \/>\n<meta property=\"og:type\" content=\"article\" \/>\n<meta property=\"og:title\" content=\"For companies - Wallmann Selected\" \/>\n<meta property=\"og:description\" content=\"Finding the best candidate for you is our daily goal! We know the industry from our own experience \u2013 we speak your language and the language of your high performers and TOP talents! We have an extensive network of high potentials and TOP talents in the areas of general management, market access, medical, marketing and [&hellip;]\" \/>\n<meta property=\"og:url\" content=\"https:\/\/wallmann-selected.com\/de\/for-companies\/\" \/>\n<meta property=\"og:site_name\" content=\"Wallmann Selected\" \/>\n<meta property=\"article:modified_time\" content=\"2026-04-01T06:44:03+00:00\" \/>\n<meta property=\"og:image\" content=\"https:\/\/wallmann-selected.com\/wp-content\/uploads\/2022\/11\/2022-11-09_LU_264.jpg\" \/>\n<meta name=\"twitter:card\" content=\"summary_large_image\" \/>\n<meta name=\"twitter:label1\" content=\"Gesch\u00e4tzte Lesezeit\" \/>\n\t<meta name=\"twitter:data1\" content=\"2\u00a0Minuten\" \/>\n<script type=\"application\/ld+json\" class=\"yoast-schema-graph\">{\"@context\":\"https:\/\/schema.org\",\"@graph\":[{\"@type\":\"WebPage\",\"@id\":\"https:\/\/wallmann-selected.com\/for-companies\/\",\"url\":\"https:\/\/wallmann-selected.com\/for-companies\/\",\"name\":\"For companies - Wallmann Selected\",\"isPartOf\":{\"@id\":\"https:\/\/wallmann-selected.com\/#website\"},\"primaryImageOfPage\":{\"@id\":\"https:\/\/wallmann-selected.com\/for-companies\/#primaryimage\"},\"image\":{\"@id\":\"https:\/\/wallmann-selected.com\/for-companies\/#primaryimage\"},\"thumbnailUrl\":\"https:\/\/wallmann-selected.com\/wp-content\/uploads\/2022\/11\/2022-11-09_LU_264.jpg\",\"datePublished\":\"2022-09-30T12:52:48+00:00\",\"dateModified\":\"2026-04-01T06:44:03+00:00\",\"breadcrumb\":{\"@id\":\"https:\/\/wallmann-selected.com\/for-companies\/#breadcrumb\"},\"inLanguage\":\"de\",\"potentialAction\":[{\"@type\":\"ReadAction\",\"target\":[\"https:\/\/wallmann-selected.com\/for-companies\/\"]}]},{\"@type\":\"ImageObject\",\"inLanguage\":\"de\",\"@id\":\"https:\/\/wallmann-selected.com\/for-companies\/#primaryimage\",\"url\":\"https:\/\/wallmann-selected.com\/wp-content\/uploads\/2022\/11\/2022-11-09_LU_264.jpg\",\"contentUrl\":\"https:\/\/wallmann-selected.com\/wp-content\/uploads\/2022\/11\/2022-11-09_LU_264.jpg\"},{\"@type\":\"BreadcrumbList\",\"@id\":\"https:\/\/wallmann-selected.com\/for-companies\/#breadcrumb\",\"itemListElement\":[{\"@type\":\"ListItem\",\"position\":1,\"name\":\"Startseite\",\"item\":\"https:\/\/wallmann-selected.com\/\"},{\"@type\":\"ListItem\",\"position\":2,\"name\":\"For companies\"}]},{\"@type\":\"WebSite\",\"@id\":\"https:\/\/wallmann-selected.com\/#website\",\"url\":\"https:\/\/wallmann-selected.com\/\",\"name\":\"Wallmann Selected\",\"description\":\"Executive &amp; Professional Search in Life Science.\",\"publisher\":{\"@id\":\"https:\/\/wallmann-selected.com\/#organization\"},\"potentialAction\":[{\"@type\":\"SearchAction\",\"target\":{\"@type\":\"EntryPoint\",\"urlTemplate\":\"https:\/\/wallmann-selected.com\/?s={search_term_string}\"},\"query-input\":{\"@type\":\"PropertyValueSpecification\",\"valueRequired\":true,\"valueName\":\"search_term_string\"}}],\"inLanguage\":\"de\"},{\"@type\":\"Organization\",\"@id\":\"https:\/\/wallmann-selected.com\/#organization\",\"name\":\"Wallmann GmbH\",\"url\":\"https:\/\/wallmann-selected.com\/\",\"logo\":{\"@type\":\"ImageObject\",\"inLanguage\":\"de\",\"@id\":\"https:\/\/wallmann-selected.com\/#\/schema\/logo\/image\/\",\"url\":\"https:\/\/wallmann-selected.com\/wp-content\/uploads\/2022\/09\/Logo-Draft-v19.png\",\"contentUrl\":\"https:\/\/wallmann-selected.com\/wp-content\/uploads\/2022\/09\/Logo-Draft-v19.png\",\"width\":728,\"height\":152,\"caption\":\"Wallmann GmbH\"},\"image\":{\"@id\":\"https:\/\/wallmann-selected.com\/#\/schema\/logo\/image\/\"},\"sameAs\":[\"https:\/\/www.linkedin.com\/in\/ajmal-wallmann-379a24a\/\",\"https:\/\/www.xing.com\/profile\/Ajmal_Wallmann\/cv\"]}]}<\/script>\n<!-- \/ Yoast SEO plugin. -->","yoast_head_json":{"title":"For companies - Wallmann Selected","robots":{"index":"index","follow":"follow","max-snippet":"max-snippet:-1","max-image-preview":"max-image-preview:large","max-video-preview":"max-video-preview:-1"},"canonical":"https:\/\/wallmann-selected.com\/de\/for-companies\/","og_locale":"de_DE","og_type":"article","og_title":"For companies - Wallmann Selected","og_description":"Finding the best candidate for you is our daily goal! We know the industry from our own experience \u2013 we speak your language and the language of your high performers and TOP talents! We have an extensive network of high potentials and TOP talents in the areas of general management, market access, medical, marketing and [&hellip;]","og_url":"https:\/\/wallmann-selected.com\/de\/for-companies\/","og_site_name":"Wallmann Selected","article_modified_time":"2026-04-01T06:44:03+00:00","og_image":[{"url":"https:\/\/wallmann-selected.com\/wp-content\/uploads\/2022\/11\/2022-11-09_LU_264.jpg","type":"","width":"","height":""}],"twitter_card":"summary_large_image","twitter_misc":{"Gesch\u00e4tzte Lesezeit":"2\u00a0Minuten"},"schema":{"@context":"https:\/\/schema.org","@graph":[{"@type":"WebPage","@id":"https:\/\/wallmann-selected.com\/for-companies\/","url":"https:\/\/wallmann-selected.com\/for-companies\/","name":"For companies - Wallmann Selected","isPartOf":{"@id":"https:\/\/wallmann-selected.com\/#website"},"primaryImageOfPage":{"@id":"https:\/\/wallmann-selected.com\/for-companies\/#primaryimage"},"image":{"@id":"https:\/\/wallmann-selected.com\/for-companies\/#primaryimage"},"thumbnailUrl":"https:\/\/wallmann-selected.com\/wp-content\/uploads\/2022\/11\/2022-11-09_LU_264.jpg","datePublished":"2022-09-30T12:52:48+00:00","dateModified":"2026-04-01T06:44:03+00:00","breadcrumb":{"@id":"https:\/\/wallmann-selected.com\/for-companies\/#breadcrumb"},"inLanguage":"de","potentialAction":[{"@type":"ReadAction","target":["https:\/\/wallmann-selected.com\/for-companies\/"]}]},{"@type":"ImageObject","inLanguage":"de","@id":"https:\/\/wallmann-selected.com\/for-companies\/#primaryimage","url":"https:\/\/wallmann-selected.com\/wp-content\/uploads\/2022\/11\/2022-11-09_LU_264.jpg","contentUrl":"https:\/\/wallmann-selected.com\/wp-content\/uploads\/2022\/11\/2022-11-09_LU_264.jpg"},{"@type":"BreadcrumbList","@id":"https:\/\/wallmann-selected.com\/for-companies\/#breadcrumb","itemListElement":[{"@type":"ListItem","position":1,"name":"Startseite","item":"https:\/\/wallmann-selected.com\/"},{"@type":"ListItem","position":2,"name":"For companies"}]},{"@type":"WebSite","@id":"https:\/\/wallmann-selected.com\/#website","url":"https:\/\/wallmann-selected.com\/","name":"Wallmann Selected","description":"Executive &amp; Professional Search in Life Science.","publisher":{"@id":"https:\/\/wallmann-selected.com\/#organization"},"potentialAction":[{"@type":"SearchAction","target":{"@type":"EntryPoint","urlTemplate":"https:\/\/wallmann-selected.com\/?s={search_term_string}"},"query-input":{"@type":"PropertyValueSpecification","valueRequired":true,"valueName":"search_term_string"}}],"inLanguage":"de"},{"@type":"Organization","@id":"https:\/\/wallmann-selected.com\/#organization","name":"Wallmann GmbH","url":"https:\/\/wallmann-selected.com\/","logo":{"@type":"ImageObject","inLanguage":"de","@id":"https:\/\/wallmann-selected.com\/#\/schema\/logo\/image\/","url":"https:\/\/wallmann-selected.com\/wp-content\/uploads\/2022\/09\/Logo-Draft-v19.png","contentUrl":"https:\/\/wallmann-selected.com\/wp-content\/uploads\/2022\/09\/Logo-Draft-v19.png","width":728,"height":152,"caption":"Wallmann GmbH"},"image":{"@id":"https:\/\/wallmann-selected.com\/#\/schema\/logo\/image\/"},"sameAs":["https:\/\/www.linkedin.com\/in\/ajmal-wallmann-379a24a\/","https:\/\/www.xing.com\/profile\/Ajmal_Wallmann\/cv"]}]}},"_links":{"self":[{"href":"https:\/\/wallmann-selected.com\/de\/wp-json\/wp\/v2\/pages\/202"}],"collection":[{"href":"https:\/\/wallmann-selected.com\/de\/wp-json\/wp\/v2\/pages"}],"about":[{"href":"https:\/\/wallmann-selected.com\/de\/wp-json\/wp\/v2\/types\/page"}],"author":[{"embeddable":true,"href":"https:\/\/wallmann-selected.com\/de\/wp-json\/wp\/v2\/users\/1"}],"replies":[{"embeddable":true,"href":"https:\/\/wallmann-selected.com\/de\/wp-json\/wp\/v2\/comments?post=202"}],"version-history":[{"count":0,"href":"https:\/\/wallmann-selected.com\/de\/wp-json\/wp\/v2\/pages\/202\/revisions"}],"wp:attachment":[{"href":"https:\/\/wallmann-selected.com\/de\/wp-json\/wp\/v2\/media?parent=202"}],"curies":[{"name":"wp","href":"https:\/\/api.w.org\/{rel}","templated":true}]}}